{"id":2006,"date":"2025-05-06T09:54:52","date_gmt":"2025-05-06T09:54:52","guid":{"rendered":"https:\/\/globalmenta.com\/informativa-sulla-privacy\/"},"modified":"2026-02-26T22:11:23","modified_gmt":"2026-02-26T22:11:23","slug":"informativa-sulla-privacy","status":"publish","type":"page","link":"https:\/\/globalmenta.com\/it\/informativa-sulla-privacy\/","title":{"rendered":"Informativa sulla privacy"},"content":{"rendered":"\n\t<section class=\"section\" id=\"section_665849570\">\n\t\t<div class=\"section-bg fill\" >\n\t\t\t\t\t\t\t\t\t\n\t\t\t\n\n\t\t<\/div>\n\n\t\t\n\n\t\t<div class=\"section-content relative\">\n\t\t\t\n\t<div id=\"gap-1782842366\" class=\"gap-element clearfix\" style=\"display:block; height:auto;\">\n\t\t\n<style>\n#gap-1782842366 {\n  padding-top: 80px;\n}\n@media (min-width:550px) {\n  #gap-1782842366 {\n    padding-top: 180px;\n  }\n}\n@media (min-width:850px) {\n  #gap-1782842366 {\n    padding-top: 140px;\n  }\n}\n<\/style>\n\t<\/div>\n\t\n<div class=\"row\" style=\"max-width:1480px\" id=\"row-1521308905\">\n\n\t<div id=\"col-1392269758\" class=\"col medium-12 small-12 large-12\"  >\n\t\t\t\t<div class=\"col-inner\"  >\n\t\t\t\n\t\t\t\n\t<div id=\"text-3589660098\" class=\"text titles-font txt-m-0\">\n\t\t\n<p>Informativa sulla privacy <\/p>\n\t\t\n<style>\n#text-3589660098 {\n  font-size: 1.65rem;\n  line-height: 1.1;\n}\n@media (min-width:550px) {\n  #text-3589660098 {\n    font-size: 2.25rem;\n  }\n}\n@media (min-width:850px) {\n  #text-3589660098 {\n    font-size: 3rem;\n  }\n}\n<\/style>\n\t<\/div>\n\t\n\t<div id=\"gap-334782057\" class=\"gap-element clearfix\" style=\"display:block; height:auto;\">\n\t\t\n<style>\n#gap-334782057 {\n  padding-top: 50px;\n}\n<\/style>\n\t<\/div>\n\t\n\t<div id=\"text-3497666323\" class=\"text\">\n\t\t\n<p><strong>Titolare del trattamento<\/strong><\/p>\n<p>In conformit\u00e0 con la normativa legale vigente in materia di protezione dei dati personali, si informa l&#8217;utente che i suoi dati saranno trattati da MENTA ADVS, S.L., con P.IVA B31914260, di seguito IL TITOLARE.<\/p>\n<p><strong>Base giuridica<\/strong><\/p>\n<p>La informiamo che la base giuridica per il trattamento dei suoi dati \u00e8 il consenso dell&#8217;interessato.<\/p>\n<p><strong>Finalit\u00e0 del trattamento<\/strong><\/p>\n<p><strong>Contatto<\/strong><\/p>\n<p>La finalit\u00e0 del trattamento \u00e8 quella di gestire la sua richiesta e di consentire la gestione del rapporto e del contatto con Lei.<\/p>\n<p>Un&#8217;altra finalit\u00e0 \u00e8 quella di inviarle comunicazioni commerciali e di cortesia relative alla nostra entit\u00e0, tramite telefono, posta ordinaria, posta elettronica o mezzi di comunicazione elettronica equivalenti.<\/p>\n<p>Se l&#8217;utente non seleziona la casella di accettazione corrispondente prima dell&#8217;invio della richiesta di consultazione, non ricever\u00e0 comunicazioni commerciali e di interesse da parte di questa entit\u00e0, fermo restando che la sua richiesta verr\u00e0 comunque gestita.<\/p>\n<p><strong>Acquisto biglietti<\/strong><\/p>\n<p>Per gli utenti del modulo di acquisto biglietti, la finalit\u00e0 \u00e8 quella di rispondere alla loro richiesta e di consentire la gestione del rapporto e del contatto con Loro.<\/p>\n<p>Un&#8217;altra finalit\u00e0 \u00e8 quella di inviarle comunicazioni commerciali e di cortesia relative alla nostra entit\u00e0, tramite telefono, posta ordinaria, posta elettronica o mezzi di comunicazione elettronica equivalenti.<\/p>\n<p>Se l&#8217;utente non seleziona la casella di accettazione corrispondente prima dell&#8217;invio della richiesta di consultazione, non ricever\u00e0 comunicazioni commerciali e di interesse da parte di questa entit\u00e0, fermo restando che la sua richiesta verr\u00e0 comunque gestita.<\/p>\n<p><strong>Cessione dei dati<\/strong><\/p>\n<p>L&#8217;utente accetta e acconsente al trattamento automatizzato dei propri dati da parte de IL TITOLARE, il quale garantisce che i dati raccolti non saranno ceduti a terzi n\u00e9 utilizzati per scopi commerciali diversi da quelli per cui sono stati raccolti e che, qualora dovesse essere effettuata una cessione di dati personali, verr\u00e0 preventivamente richiesto il consenso espresso, informato e inequivocabile da parte dei titolari.<\/p>\n<p><strong>Esattezza e veridicit\u00e0 dei dati<\/strong><\/p>\n<p>L&#8217;utente \u00e8 l&#8217;unico responsabile della veridicit\u00e0 e correttezza dei dati inclusi e comunicati, esonerando IL TITOLARE da qualsiasi responsabilit\u00e0 al riguardo.<\/p>\n<p><strong>Misure di sicurezza<\/strong><\/p>\n<p>IL TITOLARE ha adottato tutte le misure tecniche e organizzative necessarie per garantire la sicurezza e l&#8217;integrit\u00e0 dei dati personali trattati, nonch\u00e9 per evitarne la perdita, l&#8217;alterazione e\/o l&#8217;accesso da parte di terzi non autorizzati.<\/p>\n<p>Questo sito web pu\u00f2 contenere link ad altri siti web che potrebbero memorizzare informazioni sugli utenti. IL TITOLARE non \u00e8 responsabile per la gestione delle informazioni dell&#8217;utente n\u00e9 per le condizioni di protezione dei dati e riservatezza di altri siti web.<\/p>\n<p><strong>Modifiche alla presente Informativa sulla privacy<\/strong><\/p>\n<p>IL TITOLARE si riserva il diritto di modificare la propria Informativa sulla privacy, a propria discrezione, o a seguito di un cambiamento legislativo, giurisprudenziale o dottrinale dell&#8217;Agenzia Spagnola per la Protezione dei Dati. Qualsiasi modifica all&#8217;Informativa sulla privacy sar\u00e0 pubblicata almeno dieci giorni prima della sua effettiva applicazione. L&#8217;uso di questo sito web dopo tali modifiche implicher\u00e0 l&#8217;accettazione delle stesse.<\/p>\n<p><strong>Termine di cancellazione dei dati<\/strong><\/p>\n<p>Saranno conservati per il tempo necessario a soddisfare la finalit\u00e0 per cui sono stati raccolti e per determinare le eventuali responsabilit\u00e0 che potrebbero derivare da tale finalit\u00e0 e dal trattamento dei dati.<\/p>\n<p><strong>Diritti dell&#8217;utente<\/strong><\/p>\n<p>La informiamo che pu\u00f2 esercitare i diritti di accesso, rettifica, cancellazione e, se del caso, opposizione e portabilit\u00e0 dei dati, nonch\u00e9 la limitazione del loro trattamento, inviando una richiesta accompagnata da un documento identificativo all&#8217;indirizzo: <a href=\"mailto:info@mentavalencia.com\">info@mentavalencia.com<\/a>. Inoltre, Le comunichiamo che, qualora non ottenesse soddisfazione nell&#8217;esercizio dei suoi diritti, ha la possibilit\u00e0 di esercitare il diritto di presentare un reclamo presso un&#8217;Autorit\u00e0 di Controllo competente in materia di Protezione dei Dati, attualmente l&#8217;Agenzia Spagnola per la Protezione dei Dati (AEPD).<\/p>\n\t\t\n<style>\n#text-3497666323 {\n  font-size: 1rem;\n}\n@media (min-width:550px) {\n  #text-3497666323 {\n    font-size: 1.125rem;\n  }\n}\n<\/style>\n\t<\/div>\n\t\n\t\t<\/div>\n\t\t\t\t\t<\/div>\n\n\t\n<\/div>\n\t\t<\/div>\n\n\t\t\n<style>\n#section_665849570 {\n  padding-top: 0px;\n  padding-bottom: 0px;\n}\n<\/style>\n\t<\/section>\n\t\n\t<div id=\"gap-477884869\" class=\"gap-element clearfix\" style=\"display:block; height:auto;\">\n\t\t\n<style>\n#gap-477884869 {\n  padding-top: 80px;\n}\n@media (min-width:550px) {\n  #gap-477884869 {\n    padding-top: 180px;\n  }\n}\n@media (min-width:850px) {\n  #gap-477884869 {\n    padding-top: 140px;\n  }\n}\n<\/style>\n\t<\/div>\n\t\n","protected":false},"excerpt":{"rendered":"","protected":false},"author":1,"featured_media":0,"parent":0,"menu_order":0,"comment_status":"closed","ping_status":"open","template":"page-blank.php","meta":{"footnotes":""},"class_list":["post-2006","page","type-page","status-publish","hentry"],"acf":[],"yoast_head":"<!-- This site is optimized with the Yoast SEO plugin v27.0 - https:\/\/yoast.com\/product\/yoast-seo-wordpress\/ -->\n<title>Informativa sulla privacy | Global Menta<\/title>\n<meta name=\"robots\" content=\"noindex, follow\" \/>\n<meta property=\"og:locale\" content=\"it_IT\" \/>\n<meta property=\"og:type\" content=\"article\" \/>\n<meta property=\"og:title\" content=\"Informativa sulla privacy | Global Menta\" \/>\n<meta property=\"og:url\" content=\"https:\/\/globalmenta.com\/it\/informativa-sulla-privacy\/\" \/>\n<meta property=\"og:site_name\" content=\"Global Menta\" \/>\n<meta property=\"article:publisher\" content=\"https:\/\/www.facebook.com\/mentacultural\" \/>\n<meta property=\"article:modified_time\" content=\"2026-02-26T22:11:23+00:00\" \/>\n<meta property=\"og:image\" content=\"https:\/\/globalmenta.com\/wp-content\/uploads\/2025\/06\/valencia-icons-1.jpg\" \/>\n\t<meta property=\"og:image:width\" content=\"910\" \/>\n\t<meta property=\"og:image:height\" content=\"765\" \/>\n\t<meta property=\"og:image:type\" content=\"image\/jpeg\" \/>\n<meta name=\"twitter:card\" content=\"summary_large_image\" \/>\n<meta name=\"twitter:site\" content=\"@globalmentaa\" \/>\n<meta name=\"twitter:label1\" content=\"Tempo di lettura stimato\" \/>\n\t<meta name=\"twitter:data1\" content=\"3 minuti\" \/>\n<script type=\"application\/ld+json\" class=\"yoast-schema-graph\">{\"@context\":\"https:\/\/schema.org\",\"@graph\":[{\"@type\":\"WebPage\",\"@id\":\"https:\/\/globalmenta.com\/it\/informativa-sulla-privacy\/\",\"url\":\"https:\/\/globalmenta.com\/it\/informativa-sulla-privacy\/\",\"name\":\"Informativa sulla privacy | Global Menta\",\"isPartOf\":{\"@id\":\"https:\/\/globalmenta.com\/it\/#website\"},\"datePublished\":\"2025-05-06T09:54:52+00:00\",\"dateModified\":\"2026-02-26T22:11:23+00:00\",\"breadcrumb\":{\"@id\":\"https:\/\/globalmenta.com\/it\/informativa-sulla-privacy\/#breadcrumb\"},\"inLanguage\":\"it-IT\",\"potentialAction\":[{\"@type\":\"ReadAction\",\"target\":[\"https:\/\/globalmenta.com\/it\/informativa-sulla-privacy\/\"]}]},{\"@type\":\"BreadcrumbList\",\"@id\":\"https:\/\/globalmenta.com\/it\/informativa-sulla-privacy\/#breadcrumb\",\"itemListElement\":[{\"@type\":\"ListItem\",\"position\":1,\"name\":\"Portada\",\"item\":\"https:\/\/globalmenta.com\/it\/\"},{\"@type\":\"ListItem\",\"position\":2,\"name\":\"Informativa sulla privacy\"}]},{\"@type\":\"WebSite\",\"@id\":\"https:\/\/globalmenta.com\/it\/#website\",\"url\":\"https:\/\/globalmenta.com\/it\/\",\"name\":\"Global Menta\",\"description\":\"Gesti\u00f3n de Espacios Culturales\",\"publisher\":{\"@id\":\"https:\/\/globalmenta.com\/it\/#organization\"},\"alternateName\":\"Global Menta\",\"potentialAction\":[{\"@type\":\"SearchAction\",\"target\":{\"@type\":\"EntryPoint\",\"urlTemplate\":\"https:\/\/globalmenta.com\/it\/?s={search_term_string}\"},\"query-input\":{\"@type\":\"PropertyValueSpecification\",\"valueRequired\":true,\"valueName\":\"search_term_string\"}}],\"inLanguage\":\"it-IT\"},{\"@type\":\"Organization\",\"@id\":\"https:\/\/globalmenta.com\/it\/#organization\",\"name\":\"Global Menta\",\"alternateName\":\"Global Menta\",\"url\":\"https:\/\/globalmenta.com\/it\/\",\"logo\":{\"@type\":\"ImageObject\",\"inLanguage\":\"it-IT\",\"@id\":\"https:\/\/globalmenta.com\/it\/#\/schema\/logo\/image\/\",\"url\":\"https:\/\/globalmenta.com\/wp-content\/uploads\/2025\/05\/global-menta-logo.svg\",\"contentUrl\":\"https:\/\/globalmenta.com\/wp-content\/uploads\/2025\/05\/global-menta-logo.svg\",\"width\":1,\"height\":1,\"caption\":\"Global Menta\"},\"image\":{\"@id\":\"https:\/\/globalmenta.com\/it\/#\/schema\/logo\/image\/\"},\"sameAs\":[\"https:\/\/www.facebook.com\/mentacultural\",\"https:\/\/x.com\/globalmentaa\",\"https:\/\/www.instagram.com\/globalmenta\/\"]}]}<\/script>\n<!-- \/ Yoast SEO plugin. -->","yoast_head_json":{"title":"Informativa sulla privacy | Global Menta","robots":{"index":"noindex","follow":"follow"},"og_locale":"it_IT","og_type":"article","og_title":"Informativa sulla privacy | Global Menta","og_url":"https:\/\/globalmenta.com\/it\/informativa-sulla-privacy\/","og_site_name":"Global Menta","article_publisher":"https:\/\/www.facebook.com\/mentacultural","article_modified_time":"2026-02-26T22:11:23+00:00","og_image":[{"width":910,"height":765,"url":"https:\/\/globalmenta.com\/wp-content\/uploads\/2025\/06\/valencia-icons-1.jpg","type":"image\/jpeg"}],"twitter_card":"summary_large_image","twitter_site":"@globalmentaa","twitter_misc":{"Tempo di lettura stimato":"3 minuti"},"schema":{"@context":"https:\/\/schema.org","@graph":[{"@type":"WebPage","@id":"https:\/\/globalmenta.com\/it\/informativa-sulla-privacy\/","url":"https:\/\/globalmenta.com\/it\/informativa-sulla-privacy\/","name":"Informativa sulla privacy | Global Menta","isPartOf":{"@id":"https:\/\/globalmenta.com\/it\/#website"},"datePublished":"2025-05-06T09:54:52+00:00","dateModified":"2026-02-26T22:11:23+00:00","breadcrumb":{"@id":"https:\/\/globalmenta.com\/it\/informativa-sulla-privacy\/#breadcrumb"},"inLanguage":"it-IT","potentialAction":[{"@type":"ReadAction","target":["https:\/\/globalmenta.com\/it\/informativa-sulla-privacy\/"]}]},{"@type":"BreadcrumbList","@id":"https:\/\/globalmenta.com\/it\/informativa-sulla-privacy\/#breadcrumb","itemListElement":[{"@type":"ListItem","position":1,"name":"Portada","item":"https:\/\/globalmenta.com\/it\/"},{"@type":"ListItem","position":2,"name":"Informativa sulla privacy"}]},{"@type":"WebSite","@id":"https:\/\/globalmenta.com\/it\/#website","url":"https:\/\/globalmenta.com\/it\/","name":"Global Menta","description":"Gesti\u00f3n de Espacios Culturales","publisher":{"@id":"https:\/\/globalmenta.com\/it\/#organization"},"alternateName":"Global Menta","potentialAction":[{"@type":"SearchAction","target":{"@type":"EntryPoint","urlTemplate":"https:\/\/globalmenta.com\/it\/?s={search_term_string}"},"query-input":{"@type":"PropertyValueSpecification","valueRequired":true,"valueName":"search_term_string"}}],"inLanguage":"it-IT"},{"@type":"Organization","@id":"https:\/\/globalmenta.com\/it\/#organization","name":"Global Menta","alternateName":"Global Menta","url":"https:\/\/globalmenta.com\/it\/","logo":{"@type":"ImageObject","inLanguage":"it-IT","@id":"https:\/\/globalmenta.com\/it\/#\/schema\/logo\/image\/","url":"https:\/\/globalmenta.com\/wp-content\/uploads\/2025\/05\/global-menta-logo.svg","contentUrl":"https:\/\/globalmenta.com\/wp-content\/uploads\/2025\/05\/global-menta-logo.svg","width":1,"height":1,"caption":"Global Menta"},"image":{"@id":"https:\/\/globalmenta.com\/it\/#\/schema\/logo\/image\/"},"sameAs":["https:\/\/www.facebook.com\/mentacultural","https:\/\/x.com\/globalmentaa","https:\/\/www.instagram.com\/globalmenta\/"]}]}},"_links":{"self":[{"href":"https:\/\/globalmenta.com\/it\/wp-json\/wp\/v2\/pages\/2006","targetHints":{"allow":["GET"]}}],"collection":[{"href":"https:\/\/globalmenta.com\/it\/wp-json\/wp\/v2\/pages"}],"about":[{"href":"https:\/\/globalmenta.com\/it\/wp-json\/wp\/v2\/types\/page"}],"author":[{"embeddable":true,"href":"https:\/\/globalmenta.com\/it\/wp-json\/wp\/v2\/users\/1"}],"replies":[{"embeddable":true,"href":"https:\/\/globalmenta.com\/it\/wp-json\/wp\/v2\/comments?post=2006"}],"version-history":[{"count":6,"href":"https:\/\/globalmenta.com\/it\/wp-json\/wp\/v2\/pages\/2006\/revisions"}],"predecessor-version":[{"id":2029,"href":"https:\/\/globalmenta.com\/it\/wp-json\/wp\/v2\/pages\/2006\/revisions\/2029"}],"wp:attachment":[{"href":"https:\/\/globalmenta.com\/it\/wp-json\/wp\/v2\/media?parent=2006"}],"curies":[{"name":"wp","href":"https:\/\/api.w.org\/{rel}","templated":true}]}}