{"id":1960,"date":"2025-06-12T09:22:00","date_gmt":"2025-06-12T09:22:00","guid":{"rendered":"https:\/\/globalmenta.com\/note-legali\/"},"modified":"2026-02-26T22:10:45","modified_gmt":"2026-02-26T22:10:45","slug":"note-legali","status":"publish","type":"page","link":"https:\/\/globalmenta.com\/it\/note-legali\/","title":{"rendered":"Note Legali"},"content":{"rendered":"\n\t<section class=\"section\" id=\"section_396132308\">\n\t\t<div class=\"section-bg fill\" >\n\t\t\t\t\t\t\t\t\t\n\t\t\t\n\n\t\t<\/div>\n\n\t\t\n\n\t\t<div class=\"section-content relative\">\n\t\t\t\n\t<div id=\"gap-812509998\" class=\"gap-element clearfix\" style=\"display:block; height:auto;\">\n\t\t\n<style>\n#gap-812509998 {\n  padding-top: 80px;\n}\n@media (min-width:550px) {\n  #gap-812509998 {\n    padding-top: 180px;\n  }\n}\n@media (min-width:850px) {\n  #gap-812509998 {\n    padding-top: 140px;\n  }\n}\n<\/style>\n\t<\/div>\n\t\n<div class=\"row\" style=\"max-width:1480px\" id=\"row-1094559602\">\n\n\t<div id=\"col-587171066\" class=\"col medium-12 small-12 large-12\"  >\n\t\t\t\t<div class=\"col-inner\"  >\n\t\t\t\n\t\t\t\n\t<div id=\"text-2465995375\" class=\"text titles-font txt-m-0\">\n\t\t\n<p>Note legali <\/p>\n\t\t\n<style>\n#text-2465995375 {\n  font-size: 1.65rem;\n  line-height: 1.1;\n}\n@media (min-width:550px) {\n  #text-2465995375 {\n    font-size: 2.25rem;\n  }\n}\n@media (min-width:850px) {\n  #text-2465995375 {\n    font-size: 3rem;\n  }\n}\n<\/style>\n\t<\/div>\n\t\n\t<div id=\"gap-1539360286\" class=\"gap-element clearfix\" style=\"display:block; height:auto;\">\n\t\t\n<style>\n#gap-1539360286 {\n  padding-top: 50px;\n}\n<\/style>\n\t<\/div>\n\t\n\t<div id=\"text-2217560088\" class=\"text\">\n\t\t\n<p>Al fine di dare adempimento alle disposizioni contenute nell&#8217;articolo 10 della Legge 34\/2002, dell&#8217;11 luglio, sui Servizi della Societ\u00e0 dell&#8217;Informazione e sul Commercio Elettronico, ti forniamo i seguenti dati di informazione generale:<\/p>\n<p><strong>Nome o ragione sociale:<\/strong> MENTA ADVS, S.L.<\/p>\n<p><strong>Sede legale:<\/strong> C\/ Caballeros, 35, CP 46001 Valencia<\/p>\n<p><strong>Dati di registrazione:<\/strong> Registro Mercantile di Pamplona, Tomo 1289, folio 187 foglio NA-25681 Iscrizione 0000001<\/p>\n<p><strong>P.IVA:<\/strong> B31914260<\/p>\n<p><strong>Telefono:<\/strong> 963913317<\/p>\n<p><strong>E-mail:<\/strong> <a href=\"mailto:info@mentavalencia.com\">info@mentavalencia.com<\/a><\/p>\n<p><strong>Legislazione Applicabile <\/strong><\/p>\n<p>Le presenti Note Legali sono regolate in tutti i loro aspetti dalla legge spagnola, rinunciando espressamente le parti al foro che loro compete, e sottoponendosi ai Tribunali di Valencia.<\/p>\n<p><strong>Propriet\u00e0 Intellettuale e Industriale <\/strong><\/p>\n<p>Tutti i contenuti del presente sito web, inclusi senza carattere limitativo, testi, grafici, immagini, il suo design e i diritti di propriet\u00e0 intellettuale che potrebbero corrispondere a tali contenuti, cos\u00ec come tutti i marchi, nomi commerciali o qualsiasi altro segno distintivo sono propriet\u00e0 di questa entit\u00e0, rimanendo riservati tutti i diritti sugli stessi.<\/p>\n<p>\u00c8 vietato qualsiasi atto di riproduzione dei contenuti, in tutto o in parte, in qualsiasi forma o mezzo, sia meccanico, elettronico, reprografico o altro, cos\u00ec come qualsiasi atto di diffusione, comunicazione pubblica o distribuzione, senza la previa autorizzazione scritta di questa entit\u00e0.<\/p>\n<p>Questa entit\u00e0 non sar\u00e0 responsabile dei danni o pregiudizi che potrebbero derivare dall&#8217;utilizzo dei contenuti da parte degli utenti o dalla violazione da parte di questi di qualsiasi disposizione legale vigente.<\/p>\n<p><strong>Link<\/strong><\/p>\n<p>Questa entit\u00e0 non assume alcuna responsabilit\u00e0 sui link esterni che, eventualmente, potrebbero essere inclusi nel portale, poich\u00e9 non ha alcun tipo di controllo sugli stessi, pertanto l&#8217;utente accede sotto la sua esclusiva responsabilit\u00e0 al contenuto e alle condizioni d&#8217;uso che li regolano.<\/p>\n<p><strong>Social Network<\/strong><\/p>\n<p>Le informazioni che raccogliamo tramite i social network a volte includono informazioni personali che si trovano disponibili online e per il pubblico. Ci assicuriamo sempre che tutte le informazioni che utilizziamo siano attribuite correttamente alla loro fonte o siano rese anonime.<\/p>\n<p>\u00c8 probabile che questi social network abbiano le proprie politiche sulla privacy, mediante le quali ti spiegano come utilizzano e condividono le tue informazioni personali. Ti consigliamo di rivedere attentamente le politiche sulla privacy prima di utilizzare questi social network per essere sicuro di essere d&#8217;accordo con il modo in cui le tue informazioni personali vengono raccolte e condivise.<\/p>\n<p>Questa entit\u00e0 potr\u00e0 modificare o eliminare in qualsiasi momento e senza preavviso i messaggi emessi nel canale.<\/p>\n<p>Questa entit\u00e0 pu\u00f2 seguire altri profili del social network, senza che questo fatto implichi alcun tipo di collegamento con essi.<\/p>\n<p>L&#8217;uso dei social network da parte di questa entit\u00e0 come canale informativo non implica l&#8217;approvazione della Politica sulla Privacy degli stessi.<\/p>\n<p>Questa entit\u00e0 non comunica n\u00e9 condivide informazioni personali degli utenti che accedono a questi mezzi, adottando tutte le misure di sicurezza adeguate fornite dal social network.<\/p>\n\t\t\n<style>\n#text-2217560088 {\n  font-size: 1rem;\n}\n@media (min-width:550px) {\n  #text-2217560088 {\n    font-size: 1.125rem;\n  }\n}\n<\/style>\n\t<\/div>\n\t\n\t\t<\/div>\n\t\t\t\t\t<\/div>\n\n\t\n<\/div>\n\t\t<\/div>\n\n\t\t\n<style>\n#section_396132308 {\n  padding-top: 0px;\n  padding-bottom: 0px;\n}\n<\/style>\n\t<\/section>\n\t\n\t<div id=\"gap-44663540\" class=\"gap-element clearfix\" style=\"display:block; height:auto;\">\n\t\t\n<style>\n#gap-44663540 {\n  padding-top: 80px;\n}\n@media (min-width:550px) {\n  #gap-44663540 {\n    padding-top: 180px;\n  }\n}\n@media (min-width:850px) {\n  #gap-44663540 {\n    padding-top: 140px;\n  }\n}\n<\/style>\n\t<\/div>\n\t\n","protected":false},"excerpt":{"rendered":"","protected":false},"author":1,"featured_media":0,"parent":0,"menu_order":0,"comment_status":"closed","ping_status":"open","template":"page-blank.php","meta":{"footnotes":""},"class_list":["post-1960","page","type-page","status-publish","hentry"],"acf":[],"yoast_head":"<!-- This site is optimized with the Yoast SEO plugin v27.0 - https:\/\/yoast.com\/product\/yoast-seo-wordpress\/ -->\n<title>Note Legali | Global Menta<\/title>\n<meta name=\"robots\" content=\"noindex, follow\" \/>\n<meta property=\"og:locale\" content=\"it_IT\" \/>\n<meta property=\"og:type\" content=\"article\" \/>\n<meta property=\"og:title\" content=\"Note Legali | Global Menta\" \/>\n<meta property=\"og:url\" content=\"https:\/\/globalmenta.com\/it\/note-legali\/\" \/>\n<meta property=\"og:site_name\" content=\"Global Menta\" \/>\n<meta property=\"article:publisher\" content=\"https:\/\/www.facebook.com\/mentacultural\" \/>\n<meta property=\"article:modified_time\" content=\"2026-02-26T22:10:45+00:00\" \/>\n<meta property=\"og:image\" content=\"https:\/\/globalmenta.com\/wp-content\/uploads\/2025\/06\/valencia-icons-1.jpg\" \/>\n\t<meta property=\"og:image:width\" content=\"910\" \/>\n\t<meta property=\"og:image:height\" content=\"765\" \/>\n\t<meta property=\"og:image:type\" content=\"image\/jpeg\" \/>\n<meta name=\"twitter:card\" content=\"summary_large_image\" \/>\n<meta name=\"twitter:site\" content=\"@globalmentaa\" \/>\n<meta name=\"twitter:label1\" content=\"Tempo di lettura stimato\" \/>\n\t<meta name=\"twitter:data1\" content=\"3 minuti\" \/>\n<script type=\"application\/ld+json\" class=\"yoast-schema-graph\">{\"@context\":\"https:\/\/schema.org\",\"@graph\":[{\"@type\":\"WebPage\",\"@id\":\"https:\/\/globalmenta.com\/it\/note-legali\/\",\"url\":\"https:\/\/globalmenta.com\/it\/note-legali\/\",\"name\":\"Note Legali | Global Menta\",\"isPartOf\":{\"@id\":\"https:\/\/globalmenta.com\/it\/#website\"},\"datePublished\":\"2025-06-12T09:22:00+00:00\",\"dateModified\":\"2026-02-26T22:10:45+00:00\",\"breadcrumb\":{\"@id\":\"https:\/\/globalmenta.com\/it\/note-legali\/#breadcrumb\"},\"inLanguage\":\"it-IT\",\"potentialAction\":[{\"@type\":\"ReadAction\",\"target\":[\"https:\/\/globalmenta.com\/it\/note-legali\/\"]}]},{\"@type\":\"BreadcrumbList\",\"@id\":\"https:\/\/globalmenta.com\/it\/note-legali\/#breadcrumb\",\"itemListElement\":[{\"@type\":\"ListItem\",\"position\":1,\"name\":\"Portada\",\"item\":\"https:\/\/globalmenta.com\/it\/\"},{\"@type\":\"ListItem\",\"position\":2,\"name\":\"Note Legali\"}]},{\"@type\":\"WebSite\",\"@id\":\"https:\/\/globalmenta.com\/it\/#website\",\"url\":\"https:\/\/globalmenta.com\/it\/\",\"name\":\"Global Menta\",\"description\":\"Gesti\u00f3n de Espacios Culturales\",\"publisher\":{\"@id\":\"https:\/\/globalmenta.com\/it\/#organization\"},\"alternateName\":\"Global Menta\",\"potentialAction\":[{\"@type\":\"SearchAction\",\"target\":{\"@type\":\"EntryPoint\",\"urlTemplate\":\"https:\/\/globalmenta.com\/it\/?s={search_term_string}\"},\"query-input\":{\"@type\":\"PropertyValueSpecification\",\"valueRequired\":true,\"valueName\":\"search_term_string\"}}],\"inLanguage\":\"it-IT\"},{\"@type\":\"Organization\",\"@id\":\"https:\/\/globalmenta.com\/it\/#organization\",\"name\":\"Global Menta\",\"alternateName\":\"Global Menta\",\"url\":\"https:\/\/globalmenta.com\/it\/\",\"logo\":{\"@type\":\"ImageObject\",\"inLanguage\":\"it-IT\",\"@id\":\"https:\/\/globalmenta.com\/it\/#\/schema\/logo\/image\/\",\"url\":\"https:\/\/globalmenta.com\/wp-content\/uploads\/2025\/05\/global-menta-logo.svg\",\"contentUrl\":\"https:\/\/globalmenta.com\/wp-content\/uploads\/2025\/05\/global-menta-logo.svg\",\"width\":1,\"height\":1,\"caption\":\"Global Menta\"},\"image\":{\"@id\":\"https:\/\/globalmenta.com\/it\/#\/schema\/logo\/image\/\"},\"sameAs\":[\"https:\/\/www.facebook.com\/mentacultural\",\"https:\/\/x.com\/globalmentaa\",\"https:\/\/www.instagram.com\/globalmenta\/\"]}]}<\/script>\n<!-- \/ Yoast SEO plugin. -->","yoast_head_json":{"title":"Note Legali | Global Menta","robots":{"index":"noindex","follow":"follow"},"og_locale":"it_IT","og_type":"article","og_title":"Note Legali | Global Menta","og_url":"https:\/\/globalmenta.com\/it\/note-legali\/","og_site_name":"Global Menta","article_publisher":"https:\/\/www.facebook.com\/mentacultural","article_modified_time":"2026-02-26T22:10:45+00:00","og_image":[{"width":910,"height":765,"url":"https:\/\/globalmenta.com\/wp-content\/uploads\/2025\/06\/valencia-icons-1.jpg","type":"image\/jpeg"}],"twitter_card":"summary_large_image","twitter_site":"@globalmentaa","twitter_misc":{"Tempo di lettura stimato":"3 minuti"},"schema":{"@context":"https:\/\/schema.org","@graph":[{"@type":"WebPage","@id":"https:\/\/globalmenta.com\/it\/note-legali\/","url":"https:\/\/globalmenta.com\/it\/note-legali\/","name":"Note Legali | Global Menta","isPartOf":{"@id":"https:\/\/globalmenta.com\/it\/#website"},"datePublished":"2025-06-12T09:22:00+00:00","dateModified":"2026-02-26T22:10:45+00:00","breadcrumb":{"@id":"https:\/\/globalmenta.com\/it\/note-legali\/#breadcrumb"},"inLanguage":"it-IT","potentialAction":[{"@type":"ReadAction","target":["https:\/\/globalmenta.com\/it\/note-legali\/"]}]},{"@type":"BreadcrumbList","@id":"https:\/\/globalmenta.com\/it\/note-legali\/#breadcrumb","itemListElement":[{"@type":"ListItem","position":1,"name":"Portada","item":"https:\/\/globalmenta.com\/it\/"},{"@type":"ListItem","position":2,"name":"Note Legali"}]},{"@type":"WebSite","@id":"https:\/\/globalmenta.com\/it\/#website","url":"https:\/\/globalmenta.com\/it\/","name":"Global Menta","description":"Gesti\u00f3n de Espacios Culturales","publisher":{"@id":"https:\/\/globalmenta.com\/it\/#organization"},"alternateName":"Global Menta","potentialAction":[{"@type":"SearchAction","target":{"@type":"EntryPoint","urlTemplate":"https:\/\/globalmenta.com\/it\/?s={search_term_string}"},"query-input":{"@type":"PropertyValueSpecification","valueRequired":true,"valueName":"search_term_string"}}],"inLanguage":"it-IT"},{"@type":"Organization","@id":"https:\/\/globalmenta.com\/it\/#organization","name":"Global Menta","alternateName":"Global Menta","url":"https:\/\/globalmenta.com\/it\/","logo":{"@type":"ImageObject","inLanguage":"it-IT","@id":"https:\/\/globalmenta.com\/it\/#\/schema\/logo\/image\/","url":"https:\/\/globalmenta.com\/wp-content\/uploads\/2025\/05\/global-menta-logo.svg","contentUrl":"https:\/\/globalmenta.com\/wp-content\/uploads\/2025\/05\/global-menta-logo.svg","width":1,"height":1,"caption":"Global Menta"},"image":{"@id":"https:\/\/globalmenta.com\/it\/#\/schema\/logo\/image\/"},"sameAs":["https:\/\/www.facebook.com\/mentacultural","https:\/\/x.com\/globalmentaa","https:\/\/www.instagram.com\/globalmenta\/"]}]}},"_links":{"self":[{"href":"https:\/\/globalmenta.com\/it\/wp-json\/wp\/v2\/pages\/1960","targetHints":{"allow":["GET"]}}],"collection":[{"href":"https:\/\/globalmenta.com\/it\/wp-json\/wp\/v2\/pages"}],"about":[{"href":"https:\/\/globalmenta.com\/it\/wp-json\/wp\/v2\/types\/page"}],"author":[{"embeddable":true,"href":"https:\/\/globalmenta.com\/it\/wp-json\/wp\/v2\/users\/1"}],"replies":[{"embeddable":true,"href":"https:\/\/globalmenta.com\/it\/wp-json\/wp\/v2\/comments?post=1960"}],"version-history":[{"count":1,"href":"https:\/\/globalmenta.com\/it\/wp-json\/wp\/v2\/pages\/1960\/revisions"}],"predecessor-version":[{"id":1963,"href":"https:\/\/globalmenta.com\/it\/wp-json\/wp\/v2\/pages\/1960\/revisions\/1963"}],"wp:attachment":[{"href":"https:\/\/globalmenta.com\/it\/wp-json\/wp\/v2\/media?parent=1960"}],"curies":[{"name":"wp","href":"https:\/\/api.w.org\/{rel}","templated":true}]}}